{"id":1144,"date":"2018-08-08T22:38:03","date_gmt":"2018-08-08T22:38:03","guid":{"rendered":"https:\/\/jazzapple.com\/vn-new-new\/?page_id=1144"},"modified":"2021-05-26T23:56:37","modified_gmt":"2021-05-27T04:56:37","slug":"faq","status":"publish","type":"page","link":"https:\/\/jazzapple.com\/vn\/faq\/","title":{"rendered":"FAQ"},"content":{"rendered":"[vc_row type=&#8221;full_width_background&#8221; full_screen_row_position=&#8221;middle&#8221; column_margin=&#8221;default&#8221; column_direction=&#8221;default&#8221; column_direction_tablet=&#8221;default&#8221; column_direction_phone=&#8221;default&#8221; bg_color=&#8221;#004ab7&#8243; scene_position=&#8221;center&#8221; text_color=&#8221;dark&#8221; text_align=&#8221;left&#8221; row_border_radius=&#8221;none&#8221; row_border_radius_applies=&#8221;bg&#8221; class=&#8221;mobile-spacer&#8221; overlay_strength=&#8221;0.3&#8243; gradient_direction=&#8221;left_to_right&#8221; shape_divider_position=&#8221;bottom&#8221; bg_image_animation=&#8221;none&#8221; shape_type=&#8221;&#8221;][vc_column column_padding=&#8221;no-extra-padding&#8221; column_padding_tablet=&#8221;inherit&#8221; column_padding_phone=&#8221;inherit&#8221; column_padding_position=&#8221;all&#8221; background_color_opacity=&#8221;1&#8243; background_hover_color_opacity=&#8221;1&#8243; column_shadow=&#8221;none&#8221; column_border_radius=&#8221;none&#8221; column_link_target=&#8221;_self&#8221; gradient_direction=&#8221;left_to_right&#8221; overlay_strength=&#8221;0.3&#8243; width=&#8221;1\/1&#8243; tablet_width_inherit=&#8221;default&#8221; tablet_text_alignment=&#8221;default&#8221; phone_text_alignment=&#8221;default&#8221; column_border_width=&#8221;none&#8221; column_border_style=&#8221;solid&#8221; bg_image_animation=&#8221;none&#8221;][vc_raw_html]JTNDJTIxLS0lMjBOTyUyME5PVCUyMERFTEVURSUyQyUyMFRISVMlMjBJUyUyMEElMjBTUEFDRVIlMjBGT1IlMjBNT0JJTEUlMjAtLSUzRQ==[\/vc_raw_html][\/vc_column][\/vc_row][vc_row type=&#8221;full_width_background&#8221; full_screen_row_position=&#8221;middle&#8221; column_margin=&#8221;default&#8221; equal_height=&#8221;yes&#8221; content_placement=&#8221;middle&#8221; column_direction=&#8221;default&#8221; column_direction_tablet=&#8221;default&#8221; column_direction_phone=&#8221;default&#8221; bg_color=&#8221;#004ab7&#8243; scene_position=&#8221;center&#8221; text_color=&#8221;light&#8221; text_align=&#8221;center&#8221; row_border_radius=&#8221;none&#8221; row_border_radius_applies=&#8221;bg&#8221; overlay_strength=&#8221;0.3&#8243; gradient_direction=&#8221;left_to_right&#8221; shape_divider_position=&#8221;bottom&#8221; bg_image_animation=&#8221;none&#8221; shape_type=&#8221;&#8221;][vc_column column_padding=&#8221;padding-6-percent&#8221; column_padding_tablet=&#8221;inherit&#8221; column_padding_phone=&#8221;padding-8-percent&#8221; column_padding_position=&#8221;top-bottom&#8221; centered_text=&#8221;true&#8221; background_color_opacity=&#8221;1&#8243; background_hover_color_opacity=&#8221;1&#8243; column_shadow=&#8221;none&#8221; column_border_radius=&#8221;none&#8221; column_link_target=&#8221;_self&#8221; gradient_direction=&#8221;left_to_right&#8221; overlay_strength=&#8221;0.3&#8243; width=&#8221;1\/1&#8243; tablet_width_inherit=&#8221;default&#8221; tablet_text_alignment=&#8221;default&#8221; phone_text_alignment=&#8221;default&#8221; column_border_width=&#8221;none&#8221; column_border_style=&#8221;solid&#8221; bg_image_animation=&#8221;none&#8221;][vc_column_text el_class=&#8221;white&#8221;]\n<h1>FAQ<\/h1>\n[\/vc_column_text][\/vc_column][\/vc_row][vc_row type=&#8221;in_container&#8221; full_screen_row_position=&#8221;middle&#8221; column_margin=&#8221;default&#8221; equal_height=&#8221;yes&#8221; content_placement=&#8221;middle&#8221; column_direction=&#8221;default&#8221; column_direction_tablet=&#8221;default&#8221; column_direction_phone=&#8221;default&#8221; scene_position=&#8221;center&#8221; text_color=&#8221;custom&#8221; custom_text_color=&#8221;#1e73be&#8221; text_align=&#8221;left&#8221; row_border_radius=&#8221;none&#8221; row_border_radius_applies=&#8221;bg&#8221; overlay_strength=&#8221;0.3&#8243; gradient_direction=&#8221;left_to_right&#8221; shape_divider_position=&#8221;bottom&#8221; bg_image_animation=&#8221;none&#8221;][vc_column column_padding=&#8221;no-extra-padding&#8221; column_padding_tablet=&#8221;inherit&#8221; column_padding_phone=&#8221;inherit&#8221; column_padding_position=&#8221;left-right&#8221; background_color_opacity=&#8221;1&#8243; background_hover_color_opacity=&#8221;1&#8243; column_shadow=&#8221;none&#8221; column_border_radius=&#8221;none&#8221; column_link_target=&#8221;_self&#8221; gradient_direction=&#8221;left_to_right&#8221; overlay_strength=&#8221;0.3&#8243; width=&#8221;1\/6&#8243; tablet_width_inherit=&#8221;default&#8221; tablet_text_alignment=&#8221;default&#8221; phone_text_alignment=&#8221;default&#8221; column_border_width=&#8221;none&#8221; column_border_style=&#8221;solid&#8221; bg_image_animation=&#8221;none&#8221; offset=&#8221;vc_hidden-sm vc_hidden-xs&#8221;][\/vc_column][vc_column column_padding=&#8221;padding-6-percent&#8221; column_padding_tablet=&#8221;inherit&#8221; column_padding_phone=&#8221;padding-8-percent&#8221; column_padding_position=&#8221;top-bottom&#8221; background_color_opacity=&#8221;1&#8243; background_hover_color_opacity=&#8221;1&#8243; column_shadow=&#8221;none&#8221; column_border_radius=&#8221;none&#8221; column_link_target=&#8221;_self&#8221; gradient_direction=&#8221;left_to_right&#8221; overlay_strength=&#8221;0.3&#8243; width=&#8221;2\/3&#8243; tablet_width_inherit=&#8221;default&#8221; tablet_text_alignment=&#8221;default&#8221; phone_text_alignment=&#8221;default&#8221; column_border_width=&#8221;none&#8221; column_border_style=&#8221;solid&#8221; bg_image_animation=&#8221;none&#8221;][vc_column_text]<strong>1. T\u00f4i c\u00f3 th\u1ec3 t\u00ecm mua t\u00e1o JAZZ\u2122 \u1edf \u0111\u00e2u?<\/strong><br \/>\nT\u00e1o JAZZ\u2122 \u0111\u01b0\u1ee3c tr\u1ed3ng v\u00e0 cung \u1ee9ng quanh n\u0103m. B\u1ea1n c\u00f3 th\u1ec3 t\u00ecm mua t\u1ea1i c\u00e1c si\u00eau th\u1ecb, c\u00e1c c\u1eeda h\u00e0ng ti\u1ec7n l\u1ee3i tr\u00ean to\u00e0n qu\u1ed1c ho\u1eb7c c\u00e1c c\u1eeda h\u00e0ng tr\u00e1i c\u00e2y nh\u1eadp kh\u1ea9u g\u1ea7n nh\u00e0<\/p>\n<p><strong>2. T\u00e1o JAZZ \u2122 \u0111\u01b0\u1ee3c tr\u1ed3ng nh\u01b0 th\u1ebf n\u00e0o?<\/strong><br \/>\nT\u00e1o JAZZ\u2122 \u0111\u01b0\u1ee3c tr\u1ed3ng m\u1ed9t c\u00e1ch c\u00f3 tr\u00e1ch nhi\u1ec7m trong c\u00e1c v\u01b0\u1eddn c\u00e2y \u0103n qu\u1ea3 ng\u1eadp n\u1eafng c\u1ee7a c\u00e1c v\u00f9ng tr\u1ed3ng t\u00e1o h\u00e0ng \u0111\u1ea7u tr\u00ean to\u00e0n c\u1ea7u nh\u01b0 Chile, Ch\u00e2u \u00c2u, New Zealand, \u00dac, Anh v\u00e0 Hoa K\u1ef3! C\u00e1c nh\u00e0 v\u01b0\u1eddn \u0111\u01b0\u1ee3c tuy\u1ec3n ch\u1ecdn \u0111\u1eb7c bi\u1ec7t, tu\u00e2n th\u1ee7 theo ch\u01b0\u01a1ng tr\u00ecnh tr\u1ed3ng tr\u1ecdt \u0111\u01b0\u1ee3c ki\u1ec3m so\u00e1t ch\u1ea5t l\u01b0\u1ee3ng t\u1ec9 m\u1ec9 \u0111\u1ec3 \u0111\u1ea3m b\u1ea3o an to\u00e0n khi \u0103n, l\u01b0u tr\u1eef t\u1ed1t v\u00e0 c\u00f3 h\u01b0\u01a1ng v\u1ecb th\u01a1m ngon! <a href=\"https:\/\/jazzapple.com\/vn\/jazz-growers\/\">Click t\u1ea1i \u0111\u00e2y<\/a> \u0111\u1ec3 t\u00ecm hi\u1ec3u th\u00eam v\u1ec1 c\u00e1c ho\u1ea1t \u0111\u1ed9ng tr\u1ed3ng tr\u1ecdt c\u1ee7a ch\u00fang t\u00f4i.<\/p>\n<p><strong>3. T\u00e1o JAZZ\u2122 c\u00f3 bi\u1ebfn \u0111\u1ed5i Gen kh\u00f4ng (GMO)?<\/strong><br \/>\nT\u00e1o JAZZ\u2122 kh\u00f4ng b\u1ecb bi\u1ebfn \u0111\u1ed5i gen. T\u00e1o JAZZ\u2122 \u0111\u01b0\u1ee3c h\u00ecnh th\u00e0nh b\u1eb1ng ph\u01b0\u01a1ng ph\u00e1p th\u1ee5 ph\u1ea5n t\u1ef1 nhi\u00ean.<\/p>\n<p><b>4. T\u00e1o JAZZ\u2122 c\u00f3 b\u1ed5 d\u01b0\u1ee1ng kh\u00f4ng?<\/b><br \/>\nT\u00e1o JAZZ\u2122 kh\u00f4ng ch\u1ec9 c\u00f3 h\u01b0\u01a1ng v\u1ecb tuy\u1ec7t h\u1ea3o m\u00e0 c\u00f2n t\u1ed1t cho b\u1ea1n n\u1eefa! T\u00e1o JAZZ\u2122 l\u00e0 ngu\u1ed3n cung c\u1ea5p ch\u1ea5t x\u01a1, vitamin C v\u00e0 c\u00e1c ch\u1ea5t dinh d\u01b0\u1ee1ng kh\u00e1c g\u00f3p ph\u1ea7n cho 1 l\u1ed1i s\u1ed1ng l\u00e0nh m\u1ea1nh. T\u00e1o c\u0169ng c\u00f2n l\u00e0 th\u1ef1c ph\u1ea9m \u00edt ch\u1ea5t b\u00e9o, l\u00e0 m\u00f3n \u0103n v\u1eb7t l\u00fd t\u01b0\u1edfng cho c\u1ea3 gia \u0111\u00ecnh<\/p>\n<p><strong>5. Khi n\u00e0o t\u1edbi m\u00f9a t\u00e1o JAZZ\u2122?<\/strong><br \/>\nT\u00e1o JAZZ \u2122 \u0111\u01b0\u1ee3c tr\u1ed3ng quanh n\u0103m tr\u00ean kh\u1eafp th\u1ebf gi\u1edbi! H\u00e3y ch\u00fa \u00fd \u0111\u1ebfn nh\u00e3n m\u00e0u xanh lam tr\u00ean m\u1ed7i qu\u1ea3 t\u00e1o JAZZ\u2122 t\u01b0\u01a1i ngon<\/p>\n<p><strong>6. T\u00e1o JAZZ\u2122 c\u00f3 th\u1ec3 s\u1eed d\u1ee5ng trong n\u1ea5u \u0103n hay l\u00e0m b\u00e1nh \u0111\u01b0\u1ee3c kh\u00f4ng?<\/strong><br \/>\nT\u00e1o JAZZ\u2122 s\u1ebd l\u00e0m cho m\u00f3n \u0103n tr\u1edf n\u00ean h\u1ea5p d\u1eabn &#8211; <a href=\"https:\/\/jazzapple.com\/vn\/recipes\/\">Click t\u1ea1i \u0111\u00e2y<\/a> \u0111\u1ec3 xem m\u1ed9t v\u00e0i m\u00f3n ngon y\u00eau th\u00edch c\u1ee7a ch\u00fang t\u00f4i!<\/p>\n<p><strong>N\u1ebfu b\u1ea1n c\u00f3 c\u00e2u h\u1ecfi n\u00e0o n\u1eb1m ngo\u00e0i danh s\u00e1ch li\u1ec7t k\u00ea \u1edf \u0111\u00e2y, h\u00e3y g\u1eedi th\u1eafc m\u1eafc ngay cho ch\u00fang t\u00f4i!<\/strong>[\/vc_column_text][\/vc_column][vc_column column_padding=&#8221;no-extra-padding&#8221; column_padding_tablet=&#8221;inherit&#8221; column_padding_phone=&#8221;inherit&#8221; column_padding_position=&#8221;all&#8221; background_color_opacity=&#8221;1&#8243; background_hover_color_opacity=&#8221;1&#8243; column_shadow=&#8221;none&#8221; column_border_radius=&#8221;none&#8221; column_link_target=&#8221;_self&#8221; gradient_direction=&#8221;left_to_right&#8221; overlay_strength=&#8221;0.3&#8243; width=&#8221;1\/6&#8243; tablet_width_inherit=&#8221;default&#8221; tablet_text_alignment=&#8221;default&#8221; phone_text_alignment=&#8221;default&#8221; column_border_width=&#8221;none&#8221; column_border_style=&#8221;solid&#8221; bg_image_animation=&#8221;none&#8221; offset=&#8221;vc_hidden-sm vc_hidden-xs&#8221;][\/vc_column][\/vc_row]\n","protected":false},"excerpt":{"rendered":"<p>[vc_row type=&#8221;full_width_background&#8221; full_screen_row_position=&#8221;middle&#8221; column_margin=&#8221;default&#8221; column_direction=&#8221;default&#8221; column_direction_tablet=&#8221;default&#8221; column_direction_phone=&#8221;default&#8221; bg_color=&#8221;#004ab7&#8243; scene_position=&#8221;center&#8221; text_color=&#8221;dark&#8221; text_align=&#8221;left&#8221; row_border_radius=&#8221;none&#8221; row_border_radius_applies=&#8221;bg&#8221; class=&#8221;mobile-spacer&#8221; overlay_strength=&#8221;0.3&#8243; gradient_direction=&#8221;left_to_right&#8221; shape_divider_position=&#8221;bottom&#8221; bg_image_animation=&#8221;none&#8221; shape_type=&#8221;&#8221;][vc_column column_padding=&#8221;no-extra-padding&#8221;&#8230;<\/p>\n","protected":false},"author":4,"featured_media":0,"parent":0,"menu_order":0,"comment_status":"closed","ping_status":"closed","template":"","meta":{"_seopress_robots_primary_cat":"","_seopress_titles_title":"","_seopress_titles_desc":"","_seopress_robots_index":"","inline_featured_image":false,"footnotes":""},"class_list":["post-1144","page","type-page","status-publish"],"_links":{"self":[{"href":"https:\/\/jazzapple.com\/vn\/wp-json\/wp\/v2\/pages\/1144","targetHints":{"allow":["GET"]}}],"collection":[{"href":"https:\/\/jazzapple.com\/vn\/wp-json\/wp\/v2\/pages"}],"about":[{"href":"https:\/\/jazzapple.com\/vn\/wp-json\/wp\/v2\/types\/page"}],"author":[{"embeddable":true,"href":"https:\/\/jazzapple.com\/vn\/wp-json\/wp\/v2\/users\/4"}],"replies":[{"embeddable":true,"href":"https:\/\/jazzapple.com\/vn\/wp-json\/wp\/v2\/comments?post=1144"}],"version-history":[{"count":0,"href":"https:\/\/jazzapple.com\/vn\/wp-json\/wp\/v2\/pages\/1144\/revisions"}],"wp:attachment":[{"href":"https:\/\/jazzapple.com\/vn\/wp-json\/wp\/v2\/media?parent=1144"}],"curies":[{"name":"wp","href":"https:\/\/api.w.org\/{rel}","templated":true}]}}