{"id":3150,"date":"2021-05-10T17:08:49","date_gmt":"2021-05-10T22:08:49","guid":{"rendered":"https:\/\/jazzapple.com\/ch-new-new\/?page_id=3150"},"modified":"2022-08-03T16:19:44","modified_gmt":"2022-08-03T21:19:44","slug":"mentions-legales","status":"publish","type":"page","link":"https:\/\/jazzapple.com\/ch\/fr\/mentions-legales\/","title":{"rendered":"Mentions l\u00e9gales"},"content":{"rendered":"[vc_row type=&#187;full_width_background&#187; full_screen_row_position=&#187;middle&#187; column_margin=&#187;default&#187; column_direction=&#187;default&#187; column_direction_tablet=&#187;default&#187; column_direction_phone=&#187;default&#187; bg_color=&#187;#004ab7&#8243; scene_position=&#187;center&#187; text_color=&#187;light&#187; text_align=&#187;left&#187; row_border_radius=&#187;none&#187; row_border_radius_applies=&#187;bg&#187; class=&#187;mobile-spacer&#187; overlay_strength=&#187;0.3&#8243; gradient_direction=&#187;left_to_right&#187; shape_divider_position=&#187;bottom&#187; bg_image_animation=&#187;none&#187; shape_type=&#187;&#187;][vc_column column_padding=&#187;no-extra-padding&#187; column_padding_tablet=&#187;inherit&#187; column_padding_phone=&#187;inherit&#187; column_padding_position=&#187;all&#187; background_color_opacity=&#187;1&#8243; background_hover_color_opacity=&#187;1&#8243; column_shadow=&#187;none&#187; column_border_radius=&#187;none&#187; column_link_target=&#187;_self&#187; gradient_direction=&#187;left_to_right&#187; overlay_strength=&#187;0.3&#8243; width=&#187;1\/1&#8243; tablet_width_inherit=&#187;default&#187; tablet_text_alignment=&#187;default&#187; phone_text_alignment=&#187;default&#187; column_border_width=&#187;none&#187; column_border_style=&#187;solid&#187; bg_image_animation=&#187;none&#187;][vc_raw_html]JTNDJTIxLS0lMjBOTyUyME5PVCUyMERFTEVURSUyQyUyMFRISVMlMjBJUyUyMEElMjBTUEFDRVIlMjBGT1IlMjBNT0JJTEUlMjAtLSUzRQ==[\/vc_raw_html][\/vc_column][\/vc_row][vc_row type=&#187;full_width_background&#187; full_screen_row_position=&#187;middle&#187; column_margin=&#187;default&#187; column_direction=&#187;default&#187; column_direction_tablet=&#187;default&#187; column_direction_phone=&#187;default&#187; bg_color=&#187;#004ab7&#8243; scene_position=&#187;center&#187; text_color=&#187;light&#187; text_align=&#187;left&#187; row_border_radius=&#187;none&#187; row_border_radius_applies=&#187;bg&#187; overlay_strength=&#187;0.3&#8243; gradient_direction=&#187;left_to_right&#187; shape_divider_position=&#187;bottom&#187; bg_image_animation=&#187;none&#187; shape_type=&#187;&#187;][vc_column column_padding=&#187;padding-6-percent&#187; column_padding_tablet=&#187;inherit&#187; column_padding_phone=&#187;padding-8-percent&#187; column_padding_position=&#187;top-bottom&#187; centered_text=&#187;true&#187; background_color_opacity=&#187;1&#8243; background_hover_color_opacity=&#187;1&#8243; column_shadow=&#187;none&#187; column_border_radius=&#187;none&#187; column_link_target=&#187;_self&#187; gradient_direction=&#187;left_to_right&#187; overlay_strength=&#187;0.3&#8243; width=&#187;1\/1&#8243; tablet_width_inherit=&#187;default&#187; tablet_text_alignment=&#187;default&#187; phone_text_alignment=&#187;default&#187; column_border_width=&#187;none&#187; column_border_style=&#187;solid&#187; bg_image_animation=&#187;none&#187;][vc_column_text max_width=&#187;1000&#8243; el_class=&#187;white&#187;]\n<h1>Mentions l\u00e9gales<\/h1>\n[\/vc_column_text][\/vc_column][\/vc_row][vc_row type=&#187;in_container&#187; full_screen_row_position=&#187;middle&#187; column_margin=&#187;default&#187; column_direction=&#187;default&#187; column_direction_tablet=&#187;default&#187; column_direction_phone=&#187;default&#187; scene_position=&#187;center&#187; text_color=&#187;custom&#187; custom_text_color=&#187;#1e73be&#187; text_align=&#187;left&#187; row_border_radius=&#187;none&#187; row_border_radius_applies=&#187;bg&#187; overlay_strength=&#187;0.3&#8243; gradient_direction=&#187;left_to_right&#187; shape_divider_position=&#187;bottom&#187; bg_image_animation=&#187;none&#187; shape_type=&#187;&#187;][vc_column column_padding=&#187;no-extra-padding&#187; column_padding_tablet=&#187;inherit&#187; column_padding_phone=&#187;inherit&#187; column_padding_position=&#187;left-right&#187; background_color_opacity=&#187;1&#8243; background_hover_color_opacity=&#187;1&#8243; font_color=&#187;#252170&#8243; column_shadow=&#187;none&#187; column_border_radius=&#187;none&#187; column_link_target=&#187;_self&#187; gradient_direction=&#187;left_to_right&#187; overlay_strength=&#187;0.3&#8243; width=&#187;1\/6&#8243; tablet_width_inherit=&#187;default&#187; tablet_text_alignment=&#187;default&#187; phone_text_alignment=&#187;default&#187; column_border_width=&#187;none&#187; column_border_style=&#187;solid&#187; bg_image_animation=&#187;none&#187; offset=&#187;vc_hidden-sm vc_hidden-xs&#187;][\/vc_column][vc_column column_padding=&#187;padding-6-percent&#187; column_padding_tablet=&#187;inherit&#187; column_padding_phone=&#187;padding-8-percent&#187; column_padding_position=&#187;top-bottom&#187; background_color_opacity=&#187;1&#8243; background_hover_color_opacity=&#187;1&#8243; column_shadow=&#187;none&#187; column_border_radius=&#187;none&#187; column_link_target=&#187;_self&#187; gradient_direction=&#187;left_to_right&#187; overlay_strength=&#187;0.3&#8243; width=&#187;2\/3&#8243; tablet_width_inherit=&#187;default&#187; tablet_text_alignment=&#187;default&#187; phone_text_alignment=&#187;default&#187; column_border_width=&#187;none&#187; column_border_style=&#187;solid&#187; bg_image_animation=&#187;none&#187;][vc_column_text]Les sites Internet (<strong>ci-apr\u00e8s \u00ab sites \u00bb<\/strong>) et les applications (<strong>\u00ab applis\u00a0\u00bb<\/strong>) mis \u00e0 disposition par T&amp;G Global Limited, ses filiales ou affili\u00e9s\u00a0(individuellement et collectivement, <strong>\u00abT&amp;G \u00bb<\/strong>, <strong>\u00ab nous\u00a0\u00bb<\/strong>\u00a0<strong>\u00a0ou \u00ab notre \u00bb) sont contr\u00f4l\u00e9s ou exploit\u00e9s par T&amp;G.<\/strong><\/p>\n<p>Nous nous effor\u00e7ons de fournir sur ce site des informations aussi pr\u00e9cises que possible. Toutefois, nous ne pouvons pas \u00eatre tenus responsable des omissions, des inexactitudes et des carences dans la mise \u00e0 jour.<\/p>\n<p><strong>Publi\u00e9 par:<\/strong><\/p>\n<p>T&amp;G Global Limited, a New Zealand incorporated company (NZ Company Number 41406). Fond\u00e9 en 1921.<\/p>\n<p><strong>Si\u00e8ge Principal:<\/strong><\/p>\n<p>Building 1, Level 1, Central Park<br \/>\n660 Great South Road, Ellerslie<br \/>\nNew Zealand<\/p>\n<p>Tel: +64 508 800 100<br \/>\nEmail: <a href=\"mailto:info@tandg.global\">info@tandg.global<\/a><\/p>\n<p><strong>Le Conseil d\u2019Administration<\/strong><\/p>\n<p class=\"p1\">Benedikt Mangold (Chairman)<br \/>\nCarol Campbell, Andreas Helber, Rob Hewett, Ralf Tobias Priske and Marcus Poellinger<\/p>\n[\/vc_column_text][\/vc_column][vc_column column_padding=&#187;no-extra-padding&#187; column_padding_tablet=&#187;inherit&#187; column_padding_phone=&#187;inherit&#187; column_padding_position=&#187;all&#187; background_color_opacity=&#187;1&#8243; background_hover_color_opacity=&#187;1&#8243; column_shadow=&#187;none&#187; column_border_radius=&#187;none&#187; column_link_target=&#187;_self&#187; gradient_direction=&#187;left_to_right&#187; overlay_strength=&#187;0.3&#8243; width=&#187;1\/6&#8243; tablet_width_inherit=&#187;default&#187; tablet_text_alignment=&#187;default&#187; phone_text_alignment=&#187;default&#187; column_border_width=&#187;none&#187; column_border_style=&#187;solid&#187; bg_image_animation=&#187;none&#187; offset=&#187;vc_hidden-sm vc_hidden-xs&#187;][\/vc_column][\/vc_row]\n","protected":false},"excerpt":{"rendered":"<p>[vc_row type=&#187;full_width_background&#187; full_screen_row_position=&#187;middle&#187; column_margin=&#187;default&#187; column_direction=&#187;default&#187; column_direction_tablet=&#187;default&#187; column_direction_phone=&#187;default&#187; bg_color=&#187;#004ab7&#8243; scene_position=&#187;center&#187; text_color=&#187;light&#187; text_align=&#187;left&#187; row_border_radius=&#187;none&#187; row_border_radius_applies=&#187;bg&#187; class=&#187;mobile-spacer&#187; overlay_strength=&#187;0.3&#8243; gradient_direction=&#187;left_to_right&#187; shape_divider_position=&#187;bottom&#187; bg_image_animation=&#187;none&#187; shape_type=&#187;&#187;][vc_column column_padding=&#187;no-extra-padding&#187;&#8230;<\/p>\n","protected":false},"author":13,"featured_media":0,"parent":0,"menu_order":0,"comment_status":"closed","ping_status":"closed","template":"","meta":{"_seopress_robots_primary_cat":"","_seopress_titles_title":"","_seopress_titles_desc":"","_seopress_robots_index":"","inline_featured_image":false,"footnotes":""},"class_list":["post-3150","page","type-page","status-publish"],"_links":{"self":[{"href":"https:\/\/jazzapple.com\/ch\/wp-json\/wp\/v2\/pages\/3150","targetHints":{"allow":["GET"]}}],"collection":[{"href":"https:\/\/jazzapple.com\/ch\/wp-json\/wp\/v2\/pages"}],"about":[{"href":"https:\/\/jazzapple.com\/ch\/wp-json\/wp\/v2\/types\/page"}],"author":[{"embeddable":true,"href":"https:\/\/jazzapple.com\/ch\/wp-json\/wp\/v2\/users\/13"}],"replies":[{"embeddable":true,"href":"https:\/\/jazzapple.com\/ch\/wp-json\/wp\/v2\/comments?post=3150"}],"version-history":[{"count":0,"href":"https:\/\/jazzapple.com\/ch\/wp-json\/wp\/v2\/pages\/3150\/revisions"}],"wp:attachment":[{"href":"https:\/\/jazzapple.com\/ch\/wp-json\/wp\/v2\/media?parent=3150"}],"curies":[{"name":"wp","href":"https:\/\/api.w.org\/{rel}","templated":true}]}}