{"id":3141,"date":"2021-05-10T16:53:40","date_gmt":"2021-05-10T21:53:40","guid":{"rendered":"https:\/\/jazzapple.com\/ch-new-new\/?page_id=3141"},"modified":"2021-11-29T19:11:58","modified_gmt":"2021-11-30T01:11:58","slug":"foire-aux-questions","status":"publish","type":"page","link":"https:\/\/jazzapple.com\/ch\/fr\/foire-aux-questions\/","title":{"rendered":"Foire aux questions"},"content":{"rendered":"[vc_row type=&#187;full_width_background&#187; full_screen_row_position=&#187;middle&#187; column_margin=&#187;default&#187; column_direction=&#187;default&#187; column_direction_tablet=&#187;default&#187; column_direction_phone=&#187;default&#187; bg_color=&#187;#004ab7&#8243; scene_position=&#187;center&#187; text_color=&#187;dark&#187; text_align=&#187;left&#187; row_border_radius=&#187;none&#187; row_border_radius_applies=&#187;bg&#187; class=&#187;mobile-spacer&#187; overlay_strength=&#187;0.3&#8243; gradient_direction=&#187;left_to_right&#187; shape_divider_position=&#187;bottom&#187; bg_image_animation=&#187;none&#187; shape_type=&#187;&#187;][vc_column column_padding=&#187;no-extra-padding&#187; column_padding_tablet=&#187;inherit&#187; column_padding_phone=&#187;inherit&#187; column_padding_position=&#187;all&#187; background_color_opacity=&#187;1&#8243; background_hover_color_opacity=&#187;1&#8243; column_shadow=&#187;none&#187; column_border_radius=&#187;none&#187; column_link_target=&#187;_self&#187; gradient_direction=&#187;left_to_right&#187; overlay_strength=&#187;0.3&#8243; width=&#187;1\/1&#8243; tablet_width_inherit=&#187;default&#187; tablet_text_alignment=&#187;default&#187; phone_text_alignment=&#187;default&#187; column_border_width=&#187;none&#187; column_border_style=&#187;solid&#187; bg_image_animation=&#187;none&#187;][vc_raw_html]JTNDJTIxLS0lMjBOTyUyME5PVCUyMERFTEVURSUyQyUyMFRISVMlMjBJUyUyMEElMjBTUEFDRVIlMjBGT1IlMjBNT0JJTEUlMjAtLSUzRQ==[\/vc_raw_html][\/vc_column][\/vc_row][vc_row type=&#187;full_width_background&#187; full_screen_row_position=&#187;middle&#187; column_margin=&#187;default&#187; equal_height=&#187;yes&#187; content_placement=&#187;middle&#187; column_direction=&#187;default&#187; column_direction_tablet=&#187;default&#187; column_direction_phone=&#187;default&#187; bg_color=&#187;#004ab7&#8243; scene_position=&#187;center&#187; text_color=&#187;light&#187; text_align=&#187;center&#187; row_border_radius=&#187;none&#187; row_border_radius_applies=&#187;bg&#187; overlay_strength=&#187;0.3&#8243; gradient_direction=&#187;left_to_right&#187; shape_divider_position=&#187;bottom&#187; bg_image_animation=&#187;none&#187; shape_type=&#187;&#187;][vc_column column_padding=&#187;padding-6-percent&#187; column_padding_tablet=&#187;inherit&#187; column_padding_phone=&#187;padding-8-percent&#187; column_padding_position=&#187;top-bottom&#187; centered_text=&#187;true&#187; background_color_opacity=&#187;1&#8243; background_hover_color_opacity=&#187;1&#8243; column_shadow=&#187;none&#187; column_border_radius=&#187;none&#187; column_link_target=&#187;_self&#187; gradient_direction=&#187;left_to_right&#187; overlay_strength=&#187;0.3&#8243; width=&#187;1\/1&#8243; tablet_width_inherit=&#187;default&#187; tablet_text_alignment=&#187;default&#187; phone_text_alignment=&#187;default&#187; column_border_width=&#187;none&#187; column_border_style=&#187;solid&#187; bg_image_animation=&#187;none&#187;][vc_column_text el_class=&#187;white&#187;]\n<h1>Foire Aux Questions<\/h1>\n[\/vc_column_text][\/vc_column][\/vc_row][vc_row type=&#187;in_container&#187; full_screen_row_position=&#187;middle&#187; column_margin=&#187;default&#187; equal_height=&#187;yes&#187; content_placement=&#187;middle&#187; column_direction=&#187;default&#187; column_direction_tablet=&#187;default&#187; column_direction_phone=&#187;default&#187; scene_position=&#187;center&#187; text_color=&#187;custom&#187; custom_text_color=&#187;#1e73be&#187; text_align=&#187;left&#187; row_border_radius=&#187;none&#187; row_border_radius_applies=&#187;bg&#187; overlay_strength=&#187;0.3&#8243; gradient_direction=&#187;left_to_right&#187; shape_divider_position=&#187;bottom&#187; bg_image_animation=&#187;none&#187;][vc_column column_padding=&#187;no-extra-padding&#187; column_padding_tablet=&#187;inherit&#187; column_padding_phone=&#187;inherit&#187; column_padding_position=&#187;left-right&#187; background_color_opacity=&#187;1&#8243; background_hover_color_opacity=&#187;1&#8243; column_shadow=&#187;none&#187; column_border_radius=&#187;none&#187; column_link_target=&#187;_self&#187; gradient_direction=&#187;left_to_right&#187; overlay_strength=&#187;0.3&#8243; width=&#187;1\/6&#8243; tablet_width_inherit=&#187;default&#187; tablet_text_alignment=&#187;default&#187; phone_text_alignment=&#187;default&#187; column_border_width=&#187;none&#187; column_border_style=&#187;solid&#187; bg_image_animation=&#187;none&#187; offset=&#187;vc_hidden-sm vc_hidden-xs&#187;][\/vc_column][vc_column column_padding=&#187;padding-6-percent&#187; column_padding_tablet=&#187;inherit&#187; column_padding_phone=&#187;padding-8-percent&#187; column_padding_position=&#187;top-bottom&#187; background_color_opacity=&#187;1&#8243; background_hover_color_opacity=&#187;1&#8243; column_shadow=&#187;none&#187; column_border_radius=&#187;none&#187; column_link_target=&#187;_self&#187; gradient_direction=&#187;left_to_right&#187; overlay_strength=&#187;0.3&#8243; width=&#187;2\/3&#8243; tablet_width_inherit=&#187;default&#187; tablet_text_alignment=&#187;default&#187; phone_text_alignment=&#187;default&#187; column_border_width=&#187;none&#187; column_border_style=&#187;solid&#187; bg_image_animation=&#187;none&#187;][vc_column_text]<strong>1. O\u00f9 puis-je trouver des pommes JAZZ\u2122?<\/strong><br \/>\nLes pommes JAZZ\u2122 sont disponibles d\u2019env. mi-octobre \u00e0 fin mai dans une s\u00e9lection de magasins Migros, Coop, Manor Food et Migros Online.<\/p>\n<p><strong>\u00a02. Quelle est l\u2019origine des pommes JAZZ\u2122 disponibles en Suisse?<\/strong><br \/>\nEn g\u00e9n\u00e9ral, elles sont issues de cultures suisses. Il peut toutefois arriver que des pommes JAZZ\u2122 soient import\u00e9es. L\u2019origine est clairement indiqu\u00e9e.<\/p>\n<p><strong>3. Comment les pommes JAZZ\u2122 sont-elles cultiv\u00e9es?<\/strong><br \/>\nLes pommes JAZZ \u2122 sont cultiv\u00e9es de mani\u00e8re responsable dans les vergers ensoleill\u00e9s des principales r\u00e9gions de production de pommes du monde, notamment le Chili, l&#8217;Europe, la Nouvelle-Z\u00e9lande, l&#8217;Australie, le Royaume-Uni et, bien s\u00fbr, dans l&#8217;\u00c9tat de Washington, la capitale de la pomme en Am\u00e9rique du Nord! Elles sont cultiv\u00e9s par des pomiculteurs sp\u00e9cialement s\u00e9lectionn\u00e9s qui adh\u00e8rent \u00e0 un programme de culture m\u00e9ticuleux et un contr\u00f4le qui garantit qu&#8217;elles sont s\u00fbrs \u00e0 manger, bien conserv\u00e9es et d\u00e9licieuces ! <a href=\"https:\/\/jazzapple.com\/ch\/fr\/production-de-jazz\/\">Cliquez ici<\/a> pour en savoir plus sur nos pratiques de culture.<\/p>\n<p><strong>4. Les pommes JAZZ\u2122 sont-elles des organismes g\u00e9n\u00e9tiquement modifi\u00e9s (OGM)?<\/strong><br \/>\nLes pommes JAZZ \u2122 sont exemptes de modifications g\u00e9n\u00e9tiques et sont n\u00e9es en utilisant des m\u00e9thodes naturelles de s\u00e9lection v\u00e9g\u00e9tale.<\/p>\n<p><strong>5. Les pommes JAZZ\u2122 sont-elles nutritives?<\/strong><br \/>\nLes pommes JAZZ \u2122 n&#8217;ont pas seulement bon go\u00fbt. Les pommes JAZZ\u2122 sont sources de fibres, de vitamine C et de nutriments qui peuvent contribuer \u00e0 un mode de vie sain. Les pommes sont faibles en gras, ce qui en fait une excellente collation saine pour toute la famille.<\/p>\n<p><strong>6. Quand les pommes JAZZ\u2122 sont-elles de saison?<\/strong><br \/>\nLes pommes JAZZ\u2122 sont de saison toute l&#8217;ann\u00e9e puisqu&#8217;elles sont cultiv\u00e9es dans le monde entier! En Suisse, les pommes JAZZ\u2122 suisses sont disponibles \u00e0 partir d\u2019env. mi-octobre. Recherchez l&#8217;\u00e9tiquette bleue brillante distinctive sur chaque d\u00e9licieuse pomme JAZZ\u2122.<\/p>\n<p><strong>7. Les pommes JAZZ \u2122 conviennent-elles \u00e0 la cuisson ou \u00e0 la p\u00e2tisserie?<\/strong><br \/>\nLes pommes JAZZ \u2122 rendent toute recette standard absolument sensationnelle &#8211; <a href=\"https:\/\/jazzapple.com\/ch\/fr\/jazz-recettes\/\">cliquez ici<\/a> pour quelques-uns de nos pr\u00e9f\u00e9r\u00e9s!<\/p>\n<p><strong>Avez-vous une question qui ne figure pas ici? <a href=\"https:\/\/jazzapple.com\/ch\/fr\/contactez-jazz\/\">Cliquez ici<\/a> pour nous l&#8217;envoyer!<\/strong>[\/vc_column_text][\/vc_column][vc_column column_padding=&#187;no-extra-padding&#187; column_padding_tablet=&#187;inherit&#187; column_padding_phone=&#187;inherit&#187; column_padding_position=&#187;all&#187; background_color_opacity=&#187;1&#8243; background_hover_color_opacity=&#187;1&#8243; column_shadow=&#187;none&#187; column_border_radius=&#187;none&#187; column_link_target=&#187;_self&#187; gradient_direction=&#187;left_to_right&#187; overlay_strength=&#187;0.3&#8243; width=&#187;1\/6&#8243; tablet_width_inherit=&#187;default&#187; tablet_text_alignment=&#187;default&#187; phone_text_alignment=&#187;default&#187; column_border_width=&#187;none&#187; column_border_style=&#187;solid&#187; bg_image_animation=&#187;none&#187; offset=&#187;vc_hidden-sm vc_hidden-xs&#187;][\/vc_column][\/vc_row]\n","protected":false},"excerpt":{"rendered":"<p>[vc_row type=&#187;full_width_background&#187; full_screen_row_position=&#187;middle&#187; column_margin=&#187;default&#187; column_direction=&#187;default&#187; column_direction_tablet=&#187;default&#187; column_direction_phone=&#187;default&#187; bg_color=&#187;#004ab7&#8243; scene_position=&#187;center&#187; text_color=&#187;dark&#187; text_align=&#187;left&#187; row_border_radius=&#187;none&#187; row_border_radius_applies=&#187;bg&#187; class=&#187;mobile-spacer&#187; overlay_strength=&#187;0.3&#8243; gradient_direction=&#187;left_to_right&#187; shape_divider_position=&#187;bottom&#187; bg_image_animation=&#187;none&#187; shape_type=&#187;&#187;][vc_column column_padding=&#187;no-extra-padding&#187;&#8230;<\/p>\n","protected":false},"author":13,"featured_media":0,"parent":0,"menu_order":0,"comment_status":"closed","ping_status":"closed","template":"","meta":{"_seopress_robots_primary_cat":"","_seopress_titles_title":"","_seopress_titles_desc":"","_seopress_robots_index":"","inline_featured_image":false,"footnotes":""},"class_list":["post-3141","page","type-page","status-publish"],"_links":{"self":[{"href":"https:\/\/jazzapple.com\/ch\/wp-json\/wp\/v2\/pages\/3141","targetHints":{"allow":["GET"]}}],"collection":[{"href":"https:\/\/jazzapple.com\/ch\/wp-json\/wp\/v2\/pages"}],"about":[{"href":"https:\/\/jazzapple.com\/ch\/wp-json\/wp\/v2\/types\/page"}],"author":[{"embeddable":true,"href":"https:\/\/jazzapple.com\/ch\/wp-json\/wp\/v2\/users\/13"}],"replies":[{"embeddable":true,"href":"https:\/\/jazzapple.com\/ch\/wp-json\/wp\/v2\/comments?post=3141"}],"version-history":[{"count":0,"href":"https:\/\/jazzapple.com\/ch\/wp-json\/wp\/v2\/pages\/3141\/revisions"}],"wp:attachment":[{"href":"https:\/\/jazzapple.com\/ch\/wp-json\/wp\/v2\/media?parent=3141"}],"curies":[{"name":"wp","href":"https:\/\/api.w.org\/{rel}","templated":true}]}}